{"id":182,"date":"2026-01-20T11:44:56","date_gmt":"2026-01-20T11:44:56","guid":{"rendered":"https:\/\/kulturkindergarten-wuppertal.de\/wordpress\/?page_id=182"},"modified":"2026-04-02T12:56:15","modified_gmt":"2026-04-02T11:56:15","slug":"kontakt","status":"publish","type":"page","link":"https:\/\/kulturkindergarten-wuppertal.de\/index.php\/unsere-kita\/kontakt\/","title":{"rendered":"Kontakt"},"content":{"rendered":"\t\t<div data-elementor-type=\"wp-page\" data-elementor-id=\"182\" class=\"elementor elementor-182\" data-elementor-post-type=\"page\">\n\t\t\t\t<nav class=\"elementor-element elementor-element-984a165 e-flex e-con-boxed e-con e-parent\" data-id=\"984a165\" data-element_type=\"container\" data-e-type=\"container\" data-settings=\"{&quot;background_background&quot;:&quot;classic&quot;}\">\n\t\t\t\t\t<div class=\"e-con-inner\">\n\t\t\t\t<div class=\"elementor-element elementor-element-2769a50 elementor-nav-menu__align-center elementor-nav-menu--dropdown-none elementor-widget elementor-widget-global elementor-global-272 elementor-widget-nav-menu\" data-id=\"2769a50\" data-element_type=\"widget\" data-e-type=\"widget\" data-settings=\"{&quot;layout&quot;:&quot;horizontal&quot;,&quot;submenu_icon&quot;:{&quot;value&quot;:&quot;fas fa-caret-down&quot;,&quot;library&quot;:&quot;fa-solid&quot;}}\" data-widget_type=\"nav-menu.default\">\n\t\t\t\t\t\t\t\t<nav aria-label=\"Menu\" class=\"elementor-nav-menu--main elementor-nav-menu__container elementor-nav-menu--layout-horizontal e--pointer-overline e--animation-none\">\n\t\t\t\t<ul id=\"menu-1-2769a50\" class=\"elementor-nav-menu\"><li class=\"menu-item menu-item-type-post_type menu-item-object-page menu-item-233\"><a href=\"https:\/\/kulturkindergarten-wuppertal.de\/index.php\/unsere-kita\/konzept\/\" class=\"elementor-item\">Konzept<\/a><\/li>\n<li class=\"menu-item menu-item-type-post_type menu-item-object-page menu-item-234\"><a href=\"https:\/\/kulturkindergarten-wuppertal.de\/index.php\/unsere-kita\/kontakt\/\" class=\"elementor-item\">Kontakt<\/a><\/li>\n<li class=\"menu-item menu-item-type-post_type menu-item-object-page menu-item-232\"><a href=\"https:\/\/kulturkindergarten-wuppertal.de\/index.php\/unsere-kita\/raumlichkeiten\/\" class=\"elementor-item\">R\u00e4umlichkeiten<\/a><\/li>\n<li class=\"menu-item menu-item-type-post_type menu-item-object-page menu-item-231\"><a href=\"https:\/\/kulturkindergarten-wuppertal.de\/index.php\/unsere-kita\/bildergalerie\/\" class=\"elementor-item\">Bildergalerie<\/a><\/li>\n<\/ul>\t\t\t<\/nav>\n\t\t\t\t\t\t<nav class=\"elementor-nav-menu--dropdown elementor-nav-menu__container\" aria-hidden=\"true\">\n\t\t\t\t<ul id=\"menu-2-2769a50\" class=\"elementor-nav-menu\"><li class=\"menu-item menu-item-type-post_type menu-item-object-page menu-item-233\"><a href=\"https:\/\/kulturkindergarten-wuppertal.de\/index.php\/unsere-kita\/konzept\/\" class=\"elementor-item\" tabindex=\"-1\">Konzept<\/a><\/li>\n<li class=\"menu-item menu-item-type-post_type menu-item-object-page menu-item-234\"><a href=\"https:\/\/kulturkindergarten-wuppertal.de\/index.php\/unsere-kita\/kontakt\/\" class=\"elementor-item\" tabindex=\"-1\">Kontakt<\/a><\/li>\n<li class=\"menu-item menu-item-type-post_type menu-item-object-page menu-item-232\"><a href=\"https:\/\/kulturkindergarten-wuppertal.de\/index.php\/unsere-kita\/raumlichkeiten\/\" class=\"elementor-item\" tabindex=\"-1\">R\u00e4umlichkeiten<\/a><\/li>\n<li class=\"menu-item menu-item-type-post_type menu-item-object-page menu-item-231\"><a href=\"https:\/\/kulturkindergarten-wuppertal.de\/index.php\/unsere-kita\/bildergalerie\/\" class=\"elementor-item\" tabindex=\"-1\">Bildergalerie<\/a><\/li>\n<\/ul>\t\t\t<\/nav>\n\t\t\t\t\t\t<\/div>\n\t\t\t\t\t<\/div>\n\t\t\t\t<\/nav>\n\t\t<div class=\"elementor-element elementor-element-0a38355 e-flex e-con-boxed e-con e-parent\" data-id=\"0a38355\" data-element_type=\"container\" data-e-type=\"container\" data-settings=\"{&quot;background_background&quot;:&quot;classic&quot;}\">\n\t\t\t\t\t<div class=\"e-con-inner\">\n\t\t<div class=\"elementor-element elementor-element-060fe5c e-con-full e-flex e-con e-child\" data-id=\"060fe5c\" data-element_type=\"container\" data-e-type=\"container\" data-settings=\"{&quot;background_background&quot;:&quot;classic&quot;}\">\n\t\t\t\t<div class=\"elementor-element elementor-element-f3c5079 elementor-widget elementor-widget-heading\" data-id=\"f3c5079\" data-element_type=\"widget\" data-e-type=\"widget\" data-widget_type=\"heading.default\">\n\t\t\t\t\t<h2 class=\"elementor-heading-title elementor-size-default\">Kontakt<\/h2>\t\t\t\t<\/div>\n\t\t\t\t<div class=\"elementor-element elementor-element-f86e0fe elementor-widget elementor-widget-text-editor\" data-id=\"f86e0fe\" data-element_type=\"widget\" data-e-type=\"widget\" data-widget_type=\"text-editor.default\">\n\t\t\t\t\t\t\t\t\t<p><strong>Astrid Ippig<\/strong> (Kindergartenleitung)<\/p><p>Am besten erreichen Sie uns per Email:<br \/><strong>Mail <\/strong><a style=\"font-family: Telex; font-size: 1.25rem; text-decoration: underline;\" href=\"mailto:familienzentrum@kulturkindergarten-wuppertal.de\">familienzentrum@kulturkindergarten-wuppertal.de<\/a><br \/><strong>Telefon<\/strong> +49 202 47 82 76 76<\/p>\t\t\t\t\t\t\t\t<\/div>\n\t\t\t\t<div class=\"elementor-element elementor-element-799 elementor-widget-divider--view-line elementor-widget elementor-widget-global elementor-global-799 elementor-widget-divider\" data-id=\"799\" data-element_type=\"widget\" data-e-type=\"widget\" data-widget_type=\"divider.default\">\n\t\t\t\t\t\t\t<div class=\"elementor-divider\">\n\t\t\t<span class=\"elementor-divider-separator\">\n\t\t\t\t\t\t<\/span>\n\t\t<\/div>\n\t\t\t\t\t\t<\/div>\n\t\t\t\t<\/div>\n\t\t<div class=\"elementor-element elementor-element-0729daf e-con-full e-flex e-con e-child\" data-id=\"0729daf\" data-element_type=\"container\" data-e-type=\"container\" data-settings=\"{&quot;background_background&quot;:&quot;classic&quot;}\">\n\t\t\t\t<div class=\"elementor-element elementor-element-5401232 elementor-widget elementor-widget-heading\" data-id=\"5401232\" data-element_type=\"widget\" data-e-type=\"widget\" data-widget_type=\"heading.default\">\n\t\t\t\t\t<h1 class=\"elementor-heading-title elementor-size-default\">Kontakt \/ Anmeldung \/ Anfahrt<\/h1>\t\t\t\t<\/div>\n\t\t<div class=\"elementor-element elementor-element-99fd9b5 e-con-full e-flex e-con e-child\" data-id=\"99fd9b5\" data-element_type=\"container\" data-e-type=\"container\">\n\t\t\t\t<div class=\"elementor-element elementor-element-c6e7970 elementor-widget elementor-widget-text-editor\" data-id=\"c6e7970\" data-element_type=\"widget\" data-e-type=\"widget\" data-widget_type=\"text-editor.default\">\n\t\t\t\t\t\t\t\t\t<strong>Familienzentrum KulturKinderGarten Wuppertal gGmbH<\/strong><br>\n\nJuliusstra\u00dfe 20<br>\n42105 Wuppertal\t\t\t\t\t\t\t\t<\/div>\n\t\t\t\t<div class=\"elementor-element elementor-element-dd8c9ef elementor-widget elementor-widget-image\" data-id=\"dd8c9ef\" data-element_type=\"widget\" data-e-type=\"widget\" data-widget_type=\"image.default\">\n\t\t\t\t\t\t\t\t\t\t\t\t\t\t\t<img decoding=\"async\" width=\"153\" height=\"140\" src=\"https:\/\/kulturkindergarten-wuppertal.de\/wp-content\/uploads\/2026\/01\/image-11.jpg\" class=\"attachment-large size-large wp-image-22\" alt=\"\" \/>\t\t\t\t\t\t\t\t\t\t\t\t\t\t\t<\/div>\n\t\t\t\t<\/div>\n\t\t\t\t<div class=\"elementor-element elementor-element-799 elementor-widget-divider--view-line elementor-widget elementor-widget-global elementor-global-799 elementor-widget-divider\" data-id=\"799\" data-element_type=\"widget\" data-e-type=\"widget\" data-widget_type=\"divider.default\">\n\t\t\t\t\t\t\t<div class=\"elementor-divider\">\n\t\t\t<span class=\"elementor-divider-separator\">\n\t\t\t\t\t\t<\/span>\n\t\t<\/div>\n\t\t\t\t\t\t<\/div>\n\t\t\t\t<\/div>\n\t\t<div class=\"elementor-element elementor-element-5c7f7c3 e-con-full e-flex e-con e-child\" data-id=\"5c7f7c3\" data-element_type=\"container\" data-e-type=\"container\" data-settings=\"{&quot;background_background&quot;:&quot;classic&quot;}\">\n\t\t\t\t<div class=\"elementor-element elementor-element-f52b221 elementor-widget elementor-widget-heading\" data-id=\"f52b221\" data-element_type=\"widget\" data-e-type=\"widget\" data-widget_type=\"heading.default\">\n\t\t\t\t\t<h2 class=\"elementor-heading-title elementor-size-default\">Anmeldung<\/h2>\t\t\t\t<\/div>\n\t\t\t\t<div class=\"elementor-element elementor-element-5a1b3be elementor-widget elementor-widget-text-editor\" data-id=\"5a1b3be\" data-element_type=\"widget\" data-e-type=\"widget\" data-widget_type=\"text-editor.default\">\n\t\t\t\t\t\t\t\t\t<p>Sie m\u00f6chten Ihr Kind\/ Ihre Kinder bei uns im Kindergarten anmelden?<br>Schreiben Sie uns am besten eine E-Mail.<br>Sie bekommen dann ein Wartelisten-Formular von uns.<br>Sie k\u00f6nnen dieses Dokument auch hier downloaden:<\/p>\t\t\t\t\t\t\t\t<\/div>\n\t\t<div class=\"elementor-element elementor-element-bc8f312 e-con-full e-flex e-con e-child\" data-id=\"bc8f312\" data-element_type=\"container\" data-e-type=\"container\">\n\t\t\t\t<div class=\"elementor-element elementor-element-3815e9c elementor-widget elementor-widget-image\" data-id=\"3815e9c\" data-element_type=\"widget\" data-e-type=\"widget\" data-widget_type=\"image.default\">\n\t\t\t\t\t\t\t\t\t\t\t\t\t\t\t<img decoding=\"async\" width=\"51\" height=\"51\" src=\"https:\/\/kulturkindergarten-wuppertal.de\/wp-content\/uploads\/2026\/01\/pdf.png\" class=\"attachment-large size-large wp-image-114\" alt=\"\" \/>\t\t\t\t\t\t\t\t\t\t\t\t\t\t\t<\/div>\n\t\t<div class=\"elementor-element elementor-element-bb59650 e-con-full e-flex e-con e-child\" data-id=\"bb59650\" data-element_type=\"container\" data-e-type=\"container\">\n\t\t\t\t<div class=\"elementor-element elementor-element-753e9ab elementor-widget elementor-widget-text-editor\" data-id=\"753e9ab\" data-element_type=\"widget\" data-e-type=\"widget\" data-widget_type=\"text-editor.default\">\n\t\t\t\t\t\t\t\t\t<div class=\"cc-m-download-file-name\">Warteliste-KulturKinderGarten.pdf<br \/>Adobe Acrobat Dokument [96.9 KB]<\/div>\t\t\t\t\t\t\t\t<\/div>\n\t\t\t\t<div class=\"elementor-element elementor-element-b55e75f elementor-widget elementor-widget-button\" data-id=\"b55e75f\" data-element_type=\"widget\" data-e-type=\"widget\" data-widget_type=\"button.default\">\n\t\t\t\t\t\t\t\t\t\t<a class=\"elementor-button elementor-button-link elementor-size-sm\" href=\"https:\/\/kulturkindergarten-wuppertal.de\/wp-content\/uploads\/2026\/01\/Warteliste-KulturKinderGarten.pdf\" rel=\"nofollow\" download=\"Warteliste-KulturKinderGarten.pdf\">\n\t\t\t\t\t\t<span class=\"elementor-button-content-wrapper\">\n\t\t\t\t\t\t\t\t\t<span class=\"elementor-button-text\">Download<\/span>\n\t\t\t\t\t<\/span>\n\t\t\t\t\t<\/a>\n\t\t\t\t\t\t\t\t<\/div>\n\t\t\t\t<\/div>\n\t\t\t\t<\/div>\n\t\t\t\t<div class=\"elementor-element elementor-element-2103ee9 elementor-widget elementor-widget-text-editor\" data-id=\"2103ee9\" data-element_type=\"widget\" data-e-type=\"widget\" data-widget_type=\"text-editor.default\">\n\t\t\t\t\t\t\t\t\t<p>Sie k\u00f6nnen dieses Formular ausf\u00fcllen und es uns per E-mail zusenden \u2013 damit steht Ihr Kind\/stehen Ihre Kinder auf unserer Warteliste f\u00fcr einen Kindergartenplatz.<\/p>\t\t\t\t\t\t\t\t<\/div>\n\t\t\t\t<div class=\"elementor-element elementor-element-f3be7e0 elementor-widget elementor-widget-text-editor\" data-id=\"f3be7e0\" data-element_type=\"widget\" data-e-type=\"widget\" data-widget_type=\"text-editor.default\">\n\t\t\t\t\t\t\t\t\t<p>Einzelne Besichtigungstermine k\u00f6nnen wir aufgrund der hohen Nachfrage leider nicht anbieten.<\/p><p>Das w\u00fcrde die Kinder, die unsere Einrichtung schon besuchen, zu sehr st\u00f6ren. Wir hoffen auf Ihr Verst\u00e4ndnis.<\/p><p>Wenn wir die M\u00f6glichkeit sehen, Ihnen einen Platz anbieten zu k\u00f6nnen, laden wir Sie zu einem Infotag ein. Dieser findet meistens im November statt und ber\u00fccksichtigt die angemeldeten Kinder f\u00fcr das n\u00e4chste Kindergartenjahr ab August.<\/p>\t\t\t\t\t\t\t\t<\/div>\n\t\t\t\t<div class=\"elementor-element elementor-element-799 elementor-widget-divider--view-line elementor-widget elementor-widget-global elementor-global-799 elementor-widget-divider\" data-id=\"799\" data-element_type=\"widget\" data-e-type=\"widget\" data-widget_type=\"divider.default\">\n\t\t\t\t\t\t\t<div class=\"elementor-divider\">\n\t\t\t<span class=\"elementor-divider-separator\">\n\t\t\t\t\t\t<\/span>\n\t\t<\/div>\n\t\t\t\t\t\t<\/div>\n\t\t\t\t<\/div>\n\t\t<div class=\"elementor-element elementor-element-28c38fc e-con-full e-flex e-con e-child\" data-id=\"28c38fc\" data-element_type=\"container\" data-e-type=\"container\" data-settings=\"{&quot;background_background&quot;:&quot;classic&quot;}\">\n\t\t\t\t<div class=\"elementor-element elementor-element-38ce46e elementor-widget elementor-widget-heading\" data-id=\"38ce46e\" data-element_type=\"widget\" data-e-type=\"widget\" data-widget_type=\"heading.default\">\n\t\t\t\t\t<h2 class=\"elementor-heading-title elementor-size-default\">Anfahrt<\/h2>\t\t\t\t<\/div>\n\t\t\t\t<div class=\"elementor-element elementor-element-8c98e64 elementor-widget elementor-widget-image\" data-id=\"8c98e64\" data-element_type=\"widget\" data-e-type=\"widget\" data-widget_type=\"image.default\">\n\t\t\t\t\t\t\t\t\t\t\t\t\t\t\t<img fetchpriority=\"high\" decoding=\"async\" width=\"1315\" height=\"865\" src=\"https:\/\/kulturkindergarten-wuppertal.de\/wp-content\/uploads\/2026\/01\/image-23.jpg\" class=\"attachment-full size-full wp-image-34\" alt=\"\" srcset=\"https:\/\/kulturkindergarten-wuppertal.de\/wp-content\/uploads\/2026\/01\/image-23.jpg 1315w, https:\/\/kulturkindergarten-wuppertal.de\/wp-content\/uploads\/2026\/01\/image-23-300x197.jpg 300w, https:\/\/kulturkindergarten-wuppertal.de\/wp-content\/uploads\/2026\/01\/image-23-1024x674.jpg 1024w, https:\/\/kulturkindergarten-wuppertal.de\/wp-content\/uploads\/2026\/01\/image-23-768x505.jpg 768w\" sizes=\"(max-width: 1315px) 100vw, 1315px\" \/>\t\t\t\t\t\t\t\t\t\t\t\t\t\t\t<\/div>\n\t\t\t\t<div class=\"elementor-element elementor-element-799 elementor-widget-divider--view-line elementor-widget elementor-widget-global elementor-global-799 elementor-widget-divider\" data-id=\"799\" data-element_type=\"widget\" data-e-type=\"widget\" data-widget_type=\"divider.default\">\n\t\t\t\t\t\t\t<div class=\"elementor-divider\">\n\t\t\t<span class=\"elementor-divider-separator\">\n\t\t\t\t\t\t<\/span>\n\t\t<\/div>\n\t\t\t\t\t\t<\/div>\n\t\t\t\t<div class=\"elementor-element elementor-element-5dc0b2a elementor-widget elementor-widget-text-editor\" data-id=\"5dc0b2a\" data-element_type=\"widget\" data-e-type=\"widget\" data-widget_type=\"text-editor.default\">\n\t\t\t\t\t\t\t\t\t<p><strong>Bankverbindung<\/strong><\/p><p>Stadtsparkasse Wuppertal<br \/>IBAN DE10 3305 0000 0000 8342 00<br \/>BIC WUPSDE33XXX<\/p><p><strong>Verwaltung<\/strong><br \/>Milchstra\u00dfe 5<br \/>42117 Wuppertal<\/p><p><strong>Amtsgericht Wuppertal<\/strong><br \/>HRB 28 294<br \/><strong>Gesch\u00e4ftsf\u00fchrung<\/strong>:<br \/>Joachim Hei\u00df &amp; Christoph Nieder<\/p>\t\t\t\t\t\t\t\t<\/div>\n\t\t\t\t<\/div>\n\t\t\t\t\t<\/div>\n\t\t\t\t<\/div>\n\t\t\t\t<\/div>\n\t\t","protected":false},"excerpt":{"rendered":"<p>Kontakt Astrid Ippig (Kindergartenleitung) Am besten erreichen Sie uns per Email:Mail familienzentrum@kulturkindergarten-wuppertal.deTelefon +49 202 47 82 76 76 Kontakt \/ Anmeldung \/ Anfahrt Familienzentrum KulturKinderGarten Wuppertal gGmbH Juliusstra\u00dfe 20 42105 Wuppertal Anmeldung Sie m\u00f6chten Ihr Kind\/ Ihre Kinder bei uns im Kindergarten anmelden?Schreiben Sie uns am besten eine E-Mail.Sie bekommen dann ein Wartelisten-Formular von uns.Sie [&hellip;]<\/p>\n","protected":false},"author":1,"featured_media":0,"parent":172,"menu_order":0,"comment_status":"closed","ping_status":"closed","template":"","meta":{"footnotes":""},"class_list":["post-182","page","type-page","status-publish","hentry"],"yoast_head":"<!-- This site is optimized with the Yoast SEO plugin v27.3 - https:\/\/yoast.com\/product\/yoast-seo-wordpress\/ -->\n<title>Kontakt - Kulturkindergarten Wuppertal<\/title>\n<meta name=\"robots\" content=\"index, follow, max-snippet:-1, max-image-preview:large, max-video-preview:-1\" \/>\n<link rel=\"canonical\" href=\"https:\/\/kulturkindergarten-wuppertal.de\/index.php\/unsere-kita\/kontakt\/\" \/>\n<meta property=\"og:locale\" content=\"de_DE\" \/>\n<meta property=\"og:type\" content=\"article\" \/>\n<meta property=\"og:title\" content=\"Kontakt - Kulturkindergarten Wuppertal\" \/>\n<meta property=\"og:description\" content=\"Kontakt Astrid Ippig (Kindergartenleitung) Am besten erreichen Sie uns per Email:Mail familienzentrum@kulturkindergarten-wuppertal.deTelefon +49 202 47 82 76 76 Kontakt \/ Anmeldung \/ Anfahrt Familienzentrum KulturKinderGarten Wuppertal gGmbH Juliusstra\u00dfe 20 42105 Wuppertal Anmeldung Sie m\u00f6chten Ihr Kind\/ Ihre Kinder bei uns im Kindergarten anmelden?Schreiben Sie uns am besten eine E-Mail.Sie bekommen dann ein Wartelisten-Formular von uns.Sie [&hellip;]\" \/>\n<meta property=\"og:url\" content=\"https:\/\/kulturkindergarten-wuppertal.de\/index.php\/unsere-kita\/kontakt\/\" \/>\n<meta property=\"og:site_name\" content=\"Kulturkindergarten Wuppertal\" \/>\n<meta property=\"article:publisher\" content=\"https:\/\/www.facebook.com\/pages\/Kulturkindergarten-Wuppertal-gGmbH\/302085576968569\" \/>\n<meta property=\"article:modified_time\" content=\"2026-04-02T11:56:15+00:00\" \/>\n<meta property=\"og:image\" content=\"https:\/\/kulturkindergarten-wuppertal.de\/wp-content\/uploads\/2026\/01\/image-11.jpg\" \/>\n\t<meta property=\"og:image:width\" content=\"153\" \/>\n\t<meta property=\"og:image:height\" content=\"140\" \/>\n\t<meta property=\"og:image:type\" content=\"image\/jpeg\" \/>\n<meta name=\"twitter:card\" content=\"summary_large_image\" \/>\n<meta name=\"twitter:label1\" content=\"Gesch\u00e4tzte Lesezeit\" \/>\n\t<meta name=\"twitter:data1\" content=\"2\u00a0Minuten\" \/>\n<script type=\"application\/ld+json\" class=\"yoast-schema-graph\">{\"@context\":\"https:\\\/\\\/schema.org\",\"@graph\":[{\"@type\":\"WebPage\",\"@id\":\"https:\\\/\\\/kulturkindergarten-wuppertal.de\\\/index.php\\\/unsere-kita\\\/kontakt\\\/\",\"url\":\"https:\\\/\\\/kulturkindergarten-wuppertal.de\\\/index.php\\\/unsere-kita\\\/kontakt\\\/\",\"name\":\"Kontakt - Kulturkindergarten Wuppertal\",\"isPartOf\":{\"@id\":\"https:\\\/\\\/kulturkindergarten-wuppertal.de\\\/#website\"},\"primaryImageOfPage\":{\"@id\":\"https:\\\/\\\/kulturkindergarten-wuppertal.de\\\/index.php\\\/unsere-kita\\\/kontakt\\\/#primaryimage\"},\"image\":{\"@id\":\"https:\\\/\\\/kulturkindergarten-wuppertal.de\\\/index.php\\\/unsere-kita\\\/kontakt\\\/#primaryimage\"},\"thumbnailUrl\":\"https:\\\/\\\/kulturkindergarten-wuppertal.de\\\/wp-content\\\/uploads\\\/2026\\\/01\\\/image-11.jpg\",\"datePublished\":\"2026-01-20T11:44:56+00:00\",\"dateModified\":\"2026-04-02T11:56:15+00:00\",\"breadcrumb\":{\"@id\":\"https:\\\/\\\/kulturkindergarten-wuppertal.de\\\/index.php\\\/unsere-kita\\\/kontakt\\\/#breadcrumb\"},\"inLanguage\":\"de\",\"potentialAction\":[{\"@type\":\"ReadAction\",\"target\":[\"https:\\\/\\\/kulturkindergarten-wuppertal.de\\\/index.php\\\/unsere-kita\\\/kontakt\\\/\"]}]},{\"@type\":\"ImageObject\",\"inLanguage\":\"de\",\"@id\":\"https:\\\/\\\/kulturkindergarten-wuppertal.de\\\/index.php\\\/unsere-kita\\\/kontakt\\\/#primaryimage\",\"url\":\"https:\\\/\\\/kulturkindergarten-wuppertal.de\\\/wp-content\\\/uploads\\\/2026\\\/01\\\/image-11.jpg\",\"contentUrl\":\"https:\\\/\\\/kulturkindergarten-wuppertal.de\\\/wp-content\\\/uploads\\\/2026\\\/01\\\/image-11.jpg\",\"width\":153,\"height\":140},{\"@type\":\"BreadcrumbList\",\"@id\":\"https:\\\/\\\/kulturkindergarten-wuppertal.de\\\/index.php\\\/unsere-kita\\\/kontakt\\\/#breadcrumb\",\"itemListElement\":[{\"@type\":\"ListItem\",\"position\":1,\"name\":\"Start\",\"item\":\"https:\\\/\\\/kulturkindergarten-wuppertal.de\\\/\"},{\"@type\":\"ListItem\",\"position\":2,\"name\":\"Unsere Kita\",\"item\":\"https:\\\/\\\/kulturkindergarten-wuppertal.de\\\/index.php\\\/unsere-kita\\\/\"},{\"@type\":\"ListItem\",\"position\":3,\"name\":\"Kontakt\"}]},{\"@type\":\"WebSite\",\"@id\":\"https:\\\/\\\/kulturkindergarten-wuppertal.de\\\/#website\",\"url\":\"https:\\\/\\\/kulturkindergarten-wuppertal.de\\\/\",\"name\":\"Kulturkindergarten Wuppertal\",\"description\":\"Offizielle Webseite des Kulturkindergarten Wuppertal\",\"publisher\":{\"@id\":\"https:\\\/\\\/kulturkindergarten-wuppertal.de\\\/#organization\"},\"potentialAction\":[{\"@type\":\"SearchAction\",\"target\":{\"@type\":\"EntryPoint\",\"urlTemplate\":\"https:\\\/\\\/kulturkindergarten-wuppertal.de\\\/?s={search_term_string}\"},\"query-input\":{\"@type\":\"PropertyValueSpecification\",\"valueRequired\":true,\"valueName\":\"search_term_string\"}}],\"inLanguage\":\"de\"},{\"@type\":\"Organization\",\"@id\":\"https:\\\/\\\/kulturkindergarten-wuppertal.de\\\/#organization\",\"name\":\"Kulturkindergarten Wuppertal\",\"url\":\"https:\\\/\\\/kulturkindergarten-wuppertal.de\\\/\",\"logo\":{\"@type\":\"ImageObject\",\"inLanguage\":\"de\",\"@id\":\"https:\\\/\\\/kulturkindergarten-wuppertal.de\\\/#\\\/schema\\\/logo\\\/image\\\/\",\"url\":\"https:\\\/\\\/kulturkindergarten-wuppertal.de\\\/wp-content\\\/uploads\\\/2026\\\/01\\\/image-12.png\",\"contentUrl\":\"https:\\\/\\\/kulturkindergarten-wuppertal.de\\\/wp-content\\\/uploads\\\/2026\\\/01\\\/image-12.png\",\"width\":1870,\"height\":1181,\"caption\":\"Kulturkindergarten Wuppertal\"},\"image\":{\"@id\":\"https:\\\/\\\/kulturkindergarten-wuppertal.de\\\/#\\\/schema\\\/logo\\\/image\\\/\"},\"sameAs\":[\"https:\\\/\\\/www.facebook.com\\\/pages\\\/Kulturkindergarten-Wuppertal-gGmbH\\\/302085576968569\"]}]}<\/script>\n<!-- \/ Yoast SEO plugin. -->","yoast_head_json":{"title":"Kontakt - Kulturkindergarten Wuppertal","robots":{"index":"index","follow":"follow","max-snippet":"max-snippet:-1","max-image-preview":"max-image-preview:large","max-video-preview":"max-video-preview:-1"},"canonical":"https:\/\/kulturkindergarten-wuppertal.de\/index.php\/unsere-kita\/kontakt\/","og_locale":"de_DE","og_type":"article","og_title":"Kontakt - Kulturkindergarten Wuppertal","og_description":"Kontakt Astrid Ippig (Kindergartenleitung) Am besten erreichen Sie uns per Email:Mail familienzentrum@kulturkindergarten-wuppertal.deTelefon +49 202 47 82 76 76 Kontakt \/ Anmeldung \/ Anfahrt Familienzentrum KulturKinderGarten Wuppertal gGmbH Juliusstra\u00dfe 20 42105 Wuppertal Anmeldung Sie m\u00f6chten Ihr Kind\/ Ihre Kinder bei uns im Kindergarten anmelden?Schreiben Sie uns am besten eine E-Mail.Sie bekommen dann ein Wartelisten-Formular von uns.Sie [&hellip;]","og_url":"https:\/\/kulturkindergarten-wuppertal.de\/index.php\/unsere-kita\/kontakt\/","og_site_name":"Kulturkindergarten Wuppertal","article_publisher":"https:\/\/www.facebook.com\/pages\/Kulturkindergarten-Wuppertal-gGmbH\/302085576968569","article_modified_time":"2026-04-02T11:56:15+00:00","og_image":[{"width":153,"height":140,"url":"https:\/\/kulturkindergarten-wuppertal.de\/wp-content\/uploads\/2026\/01\/image-11.jpg","type":"image\/jpeg"}],"twitter_card":"summary_large_image","twitter_misc":{"Gesch\u00e4tzte Lesezeit":"2\u00a0Minuten"},"schema":{"@context":"https:\/\/schema.org","@graph":[{"@type":"WebPage","@id":"https:\/\/kulturkindergarten-wuppertal.de\/index.php\/unsere-kita\/kontakt\/","url":"https:\/\/kulturkindergarten-wuppertal.de\/index.php\/unsere-kita\/kontakt\/","name":"Kontakt - Kulturkindergarten Wuppertal","isPartOf":{"@id":"https:\/\/kulturkindergarten-wuppertal.de\/#website"},"primaryImageOfPage":{"@id":"https:\/\/kulturkindergarten-wuppertal.de\/index.php\/unsere-kita\/kontakt\/#primaryimage"},"image":{"@id":"https:\/\/kulturkindergarten-wuppertal.de\/index.php\/unsere-kita\/kontakt\/#primaryimage"},"thumbnailUrl":"https:\/\/kulturkindergarten-wuppertal.de\/wp-content\/uploads\/2026\/01\/image-11.jpg","datePublished":"2026-01-20T11:44:56+00:00","dateModified":"2026-04-02T11:56:15+00:00","breadcrumb":{"@id":"https:\/\/kulturkindergarten-wuppertal.de\/index.php\/unsere-kita\/kontakt\/#breadcrumb"},"inLanguage":"de","potentialAction":[{"@type":"ReadAction","target":["https:\/\/kulturkindergarten-wuppertal.de\/index.php\/unsere-kita\/kontakt\/"]}]},{"@type":"ImageObject","inLanguage":"de","@id":"https:\/\/kulturkindergarten-wuppertal.de\/index.php\/unsere-kita\/kontakt\/#primaryimage","url":"https:\/\/kulturkindergarten-wuppertal.de\/wp-content\/uploads\/2026\/01\/image-11.jpg","contentUrl":"https:\/\/kulturkindergarten-wuppertal.de\/wp-content\/uploads\/2026\/01\/image-11.jpg","width":153,"height":140},{"@type":"BreadcrumbList","@id":"https:\/\/kulturkindergarten-wuppertal.de\/index.php\/unsere-kita\/kontakt\/#breadcrumb","itemListElement":[{"@type":"ListItem","position":1,"name":"Start","item":"https:\/\/kulturkindergarten-wuppertal.de\/"},{"@type":"ListItem","position":2,"name":"Unsere Kita","item":"https:\/\/kulturkindergarten-wuppertal.de\/index.php\/unsere-kita\/"},{"@type":"ListItem","position":3,"name":"Kontakt"}]},{"@type":"WebSite","@id":"https:\/\/kulturkindergarten-wuppertal.de\/#website","url":"https:\/\/kulturkindergarten-wuppertal.de\/","name":"Kulturkindergarten Wuppertal","description":"Offizielle Webseite des Kulturkindergarten Wuppertal","publisher":{"@id":"https:\/\/kulturkindergarten-wuppertal.de\/#organization"},"potentialAction":[{"@type":"SearchAction","target":{"@type":"EntryPoint","urlTemplate":"https:\/\/kulturkindergarten-wuppertal.de\/?s={search_term_string}"},"query-input":{"@type":"PropertyValueSpecification","valueRequired":true,"valueName":"search_term_string"}}],"inLanguage":"de"},{"@type":"Organization","@id":"https:\/\/kulturkindergarten-wuppertal.de\/#organization","name":"Kulturkindergarten Wuppertal","url":"https:\/\/kulturkindergarten-wuppertal.de\/","logo":{"@type":"ImageObject","inLanguage":"de","@id":"https:\/\/kulturkindergarten-wuppertal.de\/#\/schema\/logo\/image\/","url":"https:\/\/kulturkindergarten-wuppertal.de\/wp-content\/uploads\/2026\/01\/image-12.png","contentUrl":"https:\/\/kulturkindergarten-wuppertal.de\/wp-content\/uploads\/2026\/01\/image-12.png","width":1870,"height":1181,"caption":"Kulturkindergarten Wuppertal"},"image":{"@id":"https:\/\/kulturkindergarten-wuppertal.de\/#\/schema\/logo\/image\/"},"sameAs":["https:\/\/www.facebook.com\/pages\/Kulturkindergarten-Wuppertal-gGmbH\/302085576968569"]}]}},"_links":{"self":[{"href":"https:\/\/kulturkindergarten-wuppertal.de\/index.php\/wp-json\/wp\/v2\/pages\/182","targetHints":{"allow":["GET"]}}],"collection":[{"href":"https:\/\/kulturkindergarten-wuppertal.de\/index.php\/wp-json\/wp\/v2\/pages"}],"about":[{"href":"https:\/\/kulturkindergarten-wuppertal.de\/index.php\/wp-json\/wp\/v2\/types\/page"}],"author":[{"embeddable":true,"href":"https:\/\/kulturkindergarten-wuppertal.de\/index.php\/wp-json\/wp\/v2\/users\/1"}],"replies":[{"embeddable":true,"href":"https:\/\/kulturkindergarten-wuppertal.de\/index.php\/wp-json\/wp\/v2\/comments?post=182"}],"version-history":[{"count":124,"href":"https:\/\/kulturkindergarten-wuppertal.de\/index.php\/wp-json\/wp\/v2\/pages\/182\/revisions"}],"predecessor-version":[{"id":1412,"href":"https:\/\/kulturkindergarten-wuppertal.de\/index.php\/wp-json\/wp\/v2\/pages\/182\/revisions\/1412"}],"up":[{"embeddable":true,"href":"https:\/\/kulturkindergarten-wuppertal.de\/index.php\/wp-json\/wp\/v2\/pages\/172"}],"wp:attachment":[{"href":"https:\/\/kulturkindergarten-wuppertal.de\/index.php\/wp-json\/wp\/v2\/media?parent=182"}],"curies":[{"name":"wp","href":"https:\/\/api.w.org\/{rel}","templated":true}]}}