{"id":503,"date":"2026-01-22T10:50:44","date_gmt":"2026-01-22T09:50:44","guid":{"rendered":"https:\/\/kulturkindergarten-wuppertal.de\/wordpress\/?page_id=503"},"modified":"2026-03-03T13:36:59","modified_gmt":"2026-03-03T12:36:59","slug":"impressum","status":"publish","type":"page","link":"https:\/\/kulturkindergarten-wuppertal.de\/index.php\/impressum\/","title":{"rendered":"Impressum"},"content":{"rendered":"\t\t<div data-elementor-type=\"wp-page\" data-elementor-id=\"503\" class=\"elementor elementor-503\" data-elementor-post-type=\"page\">\n\t\t\t\t<div class=\"elementor-element elementor-element-4f6186f e-flex e-con-boxed e-con e-parent\" data-id=\"4f6186f\" data-element_type=\"container\" data-e-type=\"container\" data-settings=\"{&quot;background_background&quot;:&quot;classic&quot;}\">\n\t\t\t\t\t<div class=\"e-con-inner\">\n\t\t\t\t<div class=\"elementor-element elementor-element-791a091 elementor-widget elementor-widget-heading\" data-id=\"791a091\" data-element_type=\"widget\" data-e-type=\"widget\" data-widget_type=\"heading.default\">\n\t\t\t\t\t<h1 class=\"elementor-heading-title elementor-size-default\">Impressum\n<\/h1>\t\t\t\t<\/div>\n\t\t\t\t<div class=\"elementor-element elementor-element-b74cd58 elementor-widget elementor-widget-heading\" data-id=\"b74cd58\" data-element_type=\"widget\" data-e-type=\"widget\" data-widget_type=\"heading.default\">\n\t\t\t\t\t<h2 class=\"elementor-heading-title elementor-size-default\">KulturKinderGarten Wuppertal gGmbH<\/h2>\t\t\t\t<\/div>\n\t\t<div class=\"elementor-element elementor-element-0102077 e-con-full e-flex e-con e-child\" data-id=\"0102077\" data-element_type=\"container\" data-e-type=\"container\">\n\t\t\t\t<div class=\"elementor-element elementor-element-034fa06 elementor-widget elementor-widget-text-editor\" data-id=\"034fa06\" data-element_type=\"widget\" data-e-type=\"widget\" data-widget_type=\"text-editor.default\">\n\t\t\t\t\t\t\t\t\t<p><strong>Anschrift<\/strong><br \/>Juliusstra\u00dfe 20 <br \/>42105 Wuppertal<\/p>\t\t\t\t\t\t\t\t<\/div>\n\t\t\t\t<div class=\"elementor-element elementor-element-bfeafe0 elementor-widget elementor-widget-text-editor\" data-id=\"bfeafe0\" data-element_type=\"widget\" data-e-type=\"widget\" data-widget_type=\"text-editor.default\">\n\t\t\t\t\t\t\t\t\t<p><strong>Verwaltung<\/strong><br \/>Milchstra\u00dfe 5 <br \/>42117 Wuppertal<br \/>Fon 0160 6603 563<\/p>\t\t\t\t\t\t\t\t<\/div>\n\t\t\t\t<div class=\"elementor-element elementor-element-69f7f2f elementor-widget elementor-widget-text-editor\" data-id=\"69f7f2f\" data-element_type=\"widget\" data-e-type=\"widget\" data-widget_type=\"text-editor.default\">\n\t\t\t\t\t\t\t\t\t<p>Amtsgericht Wuppertal\u00a0\u00a0<br \/>HRB 28 294<br \/>Gesch\u00e4ftsf\u00fchrung:<\/p><p>Joachim Hei\u00df &amp;\u00a0Christoph Nieder<\/p>\t\t\t\t\t\t\t\t<\/div>\n\t\t\t\t<div class=\"elementor-element elementor-element-fce951b elementor-widget elementor-widget-text-editor\" data-id=\"fce951b\" data-element_type=\"widget\" data-e-type=\"widget\" data-widget_type=\"text-editor.default\">\n\t\t\t\t\t\t\t\t\t<p><strong>Bankverbindung<\/strong><\/p><p>Stadtsparkasse Wuppertal <br \/>IBAN DE10 3305 0000 0000 8342 00 <br \/>BIC WUPSDE33XXX<\/p>\t\t\t\t\t\t\t\t<\/div>\n\t\t\t\t<\/div>\n\t\t\t\t\t<\/div>\n\t\t\t\t<\/div>\n\t\t\t\t<\/div>\n\t\t","protected":false},"excerpt":{"rendered":"<p>Impressum KulturKinderGarten Wuppertal gGmbH AnschriftJuliusstra\u00dfe 20 42105 Wuppertal VerwaltungMilchstra\u00dfe 5 42117 WuppertalFon 0160 6603 563 Amtsgericht Wuppertal\u00a0\u00a0HRB 28 294Gesch\u00e4ftsf\u00fchrung: Joachim Hei\u00df &amp;\u00a0Christoph Nieder Bankverbindung Stadtsparkasse Wuppertal IBAN DE10 3305 0000 0000 8342 00 BIC WUPSDE33XXX<\/p>\n","protected":false},"author":1,"featured_media":0,"parent":0,"menu_order":0,"comment_status":"closed","ping_status":"closed","template":"","meta":{"footnotes":""},"class_list":["post-503","page","type-page","status-publish","hentry"],"yoast_head":"<!-- This site is optimized with the Yoast SEO plugin v27.3 - https:\/\/yoast.com\/product\/yoast-seo-wordpress\/ -->\n<title>Impressum - Kulturkindergarten Wuppertal<\/title>\n<meta name=\"robots\" content=\"index, follow, max-snippet:-1, max-image-preview:large, max-video-preview:-1\" \/>\n<link rel=\"canonical\" href=\"https:\/\/kulturkindergarten-wuppertal.de\/index.php\/impressum\/\" \/>\n<meta property=\"og:locale\" content=\"de_DE\" \/>\n<meta property=\"og:type\" content=\"article\" \/>\n<meta property=\"og:title\" content=\"Impressum - Kulturkindergarten Wuppertal\" \/>\n<meta property=\"og:description\" content=\"Impressum KulturKinderGarten Wuppertal gGmbH AnschriftJuliusstra\u00dfe 20 42105 Wuppertal VerwaltungMilchstra\u00dfe 5 42117 WuppertalFon 0160 6603 563 Amtsgericht Wuppertal\u00a0\u00a0HRB 28 294Gesch\u00e4ftsf\u00fchrung: Joachim Hei\u00df &amp;\u00a0Christoph Nieder Bankverbindung Stadtsparkasse Wuppertal IBAN DE10 3305 0000 0000 8342 00 BIC WUPSDE33XXX\" \/>\n<meta property=\"og:url\" content=\"https:\/\/kulturkindergarten-wuppertal.de\/index.php\/impressum\/\" \/>\n<meta property=\"og:site_name\" content=\"Kulturkindergarten Wuppertal\" \/>\n<meta property=\"article:publisher\" content=\"https:\/\/www.facebook.com\/pages\/Kulturkindergarten-Wuppertal-gGmbH\/302085576968569\" \/>\n<meta property=\"article:modified_time\" content=\"2026-03-03T12:36:59+00:00\" \/>\n<meta name=\"twitter:card\" content=\"summary_large_image\" \/>\n<meta name=\"twitter:label1\" content=\"Gesch\u00e4tzte Lesezeit\" \/>\n\t<meta name=\"twitter:data1\" content=\"1\u00a0Minute\" \/>\n<script type=\"application\/ld+json\" class=\"yoast-schema-graph\">{\"@context\":\"https:\\\/\\\/schema.org\",\"@graph\":[{\"@type\":\"WebPage\",\"@id\":\"https:\\\/\\\/kulturkindergarten-wuppertal.de\\\/index.php\\\/impressum\\\/\",\"url\":\"https:\\\/\\\/kulturkindergarten-wuppertal.de\\\/index.php\\\/impressum\\\/\",\"name\":\"Impressum - Kulturkindergarten Wuppertal\",\"isPartOf\":{\"@id\":\"https:\\\/\\\/kulturkindergarten-wuppertal.de\\\/#website\"},\"datePublished\":\"2026-01-22T09:50:44+00:00\",\"dateModified\":\"2026-03-03T12:36:59+00:00\",\"breadcrumb\":{\"@id\":\"https:\\\/\\\/kulturkindergarten-wuppertal.de\\\/index.php\\\/impressum\\\/#breadcrumb\"},\"inLanguage\":\"de\",\"potentialAction\":[{\"@type\":\"ReadAction\",\"target\":[\"https:\\\/\\\/kulturkindergarten-wuppertal.de\\\/index.php\\\/impressum\\\/\"]}]},{\"@type\":\"BreadcrumbList\",\"@id\":\"https:\\\/\\\/kulturkindergarten-wuppertal.de\\\/index.php\\\/impressum\\\/#breadcrumb\",\"itemListElement\":[{\"@type\":\"ListItem\",\"position\":1,\"name\":\"Start\",\"item\":\"https:\\\/\\\/kulturkindergarten-wuppertal.de\\\/\"},{\"@type\":\"ListItem\",\"position\":2,\"name\":\"Impressum\"}]},{\"@type\":\"WebSite\",\"@id\":\"https:\\\/\\\/kulturkindergarten-wuppertal.de\\\/#website\",\"url\":\"https:\\\/\\\/kulturkindergarten-wuppertal.de\\\/\",\"name\":\"Kulturkindergarten Wuppertal\",\"description\":\"Offizielle Webseite des Kulturkindergarten Wuppertal\",\"publisher\":{\"@id\":\"https:\\\/\\\/kulturkindergarten-wuppertal.de\\\/#organization\"},\"potentialAction\":[{\"@type\":\"SearchAction\",\"target\":{\"@type\":\"EntryPoint\",\"urlTemplate\":\"https:\\\/\\\/kulturkindergarten-wuppertal.de\\\/?s={search_term_string}\"},\"query-input\":{\"@type\":\"PropertyValueSpecification\",\"valueRequired\":true,\"valueName\":\"search_term_string\"}}],\"inLanguage\":\"de\"},{\"@type\":\"Organization\",\"@id\":\"https:\\\/\\\/kulturkindergarten-wuppertal.de\\\/#organization\",\"name\":\"Kulturkindergarten Wuppertal\",\"url\":\"https:\\\/\\\/kulturkindergarten-wuppertal.de\\\/\",\"logo\":{\"@type\":\"ImageObject\",\"inLanguage\":\"de\",\"@id\":\"https:\\\/\\\/kulturkindergarten-wuppertal.de\\\/#\\\/schema\\\/logo\\\/image\\\/\",\"url\":\"https:\\\/\\\/kulturkindergarten-wuppertal.de\\\/wp-content\\\/uploads\\\/2026\\\/01\\\/image-12.png\",\"contentUrl\":\"https:\\\/\\\/kulturkindergarten-wuppertal.de\\\/wp-content\\\/uploads\\\/2026\\\/01\\\/image-12.png\",\"width\":1870,\"height\":1181,\"caption\":\"Kulturkindergarten Wuppertal\"},\"image\":{\"@id\":\"https:\\\/\\\/kulturkindergarten-wuppertal.de\\\/#\\\/schema\\\/logo\\\/image\\\/\"},\"sameAs\":[\"https:\\\/\\\/www.facebook.com\\\/pages\\\/Kulturkindergarten-Wuppertal-gGmbH\\\/302085576968569\"]}]}<\/script>\n<!-- \/ Yoast SEO plugin. -->","yoast_head_json":{"title":"Impressum - Kulturkindergarten Wuppertal","robots":{"index":"index","follow":"follow","max-snippet":"max-snippet:-1","max-image-preview":"max-image-preview:large","max-video-preview":"max-video-preview:-1"},"canonical":"https:\/\/kulturkindergarten-wuppertal.de\/index.php\/impressum\/","og_locale":"de_DE","og_type":"article","og_title":"Impressum - Kulturkindergarten Wuppertal","og_description":"Impressum KulturKinderGarten Wuppertal gGmbH AnschriftJuliusstra\u00dfe 20 42105 Wuppertal VerwaltungMilchstra\u00dfe 5 42117 WuppertalFon 0160 6603 563 Amtsgericht Wuppertal\u00a0\u00a0HRB 28 294Gesch\u00e4ftsf\u00fchrung: Joachim Hei\u00df &amp;\u00a0Christoph Nieder Bankverbindung Stadtsparkasse Wuppertal IBAN DE10 3305 0000 0000 8342 00 BIC WUPSDE33XXX","og_url":"https:\/\/kulturkindergarten-wuppertal.de\/index.php\/impressum\/","og_site_name":"Kulturkindergarten Wuppertal","article_publisher":"https:\/\/www.facebook.com\/pages\/Kulturkindergarten-Wuppertal-gGmbH\/302085576968569","article_modified_time":"2026-03-03T12:36:59+00:00","twitter_card":"summary_large_image","twitter_misc":{"Gesch\u00e4tzte Lesezeit":"1\u00a0Minute"},"schema":{"@context":"https:\/\/schema.org","@graph":[{"@type":"WebPage","@id":"https:\/\/kulturkindergarten-wuppertal.de\/index.php\/impressum\/","url":"https:\/\/kulturkindergarten-wuppertal.de\/index.php\/impressum\/","name":"Impressum - Kulturkindergarten Wuppertal","isPartOf":{"@id":"https:\/\/kulturkindergarten-wuppertal.de\/#website"},"datePublished":"2026-01-22T09:50:44+00:00","dateModified":"2026-03-03T12:36:59+00:00","breadcrumb":{"@id":"https:\/\/kulturkindergarten-wuppertal.de\/index.php\/impressum\/#breadcrumb"},"inLanguage":"de","potentialAction":[{"@type":"ReadAction","target":["https:\/\/kulturkindergarten-wuppertal.de\/index.php\/impressum\/"]}]},{"@type":"BreadcrumbList","@id":"https:\/\/kulturkindergarten-wuppertal.de\/index.php\/impressum\/#breadcrumb","itemListElement":[{"@type":"ListItem","position":1,"name":"Start","item":"https:\/\/kulturkindergarten-wuppertal.de\/"},{"@type":"ListItem","position":2,"name":"Impressum"}]},{"@type":"WebSite","@id":"https:\/\/kulturkindergarten-wuppertal.de\/#website","url":"https:\/\/kulturkindergarten-wuppertal.de\/","name":"Kulturkindergarten Wuppertal","description":"Offizielle Webseite des Kulturkindergarten Wuppertal","publisher":{"@id":"https:\/\/kulturkindergarten-wuppertal.de\/#organization"},"potentialAction":[{"@type":"SearchAction","target":{"@type":"EntryPoint","urlTemplate":"https:\/\/kulturkindergarten-wuppertal.de\/?s={search_term_string}"},"query-input":{"@type":"PropertyValueSpecification","valueRequired":true,"valueName":"search_term_string"}}],"inLanguage":"de"},{"@type":"Organization","@id":"https:\/\/kulturkindergarten-wuppertal.de\/#organization","name":"Kulturkindergarten Wuppertal","url":"https:\/\/kulturkindergarten-wuppertal.de\/","logo":{"@type":"ImageObject","inLanguage":"de","@id":"https:\/\/kulturkindergarten-wuppertal.de\/#\/schema\/logo\/image\/","url":"https:\/\/kulturkindergarten-wuppertal.de\/wp-content\/uploads\/2026\/01\/image-12.png","contentUrl":"https:\/\/kulturkindergarten-wuppertal.de\/wp-content\/uploads\/2026\/01\/image-12.png","width":1870,"height":1181,"caption":"Kulturkindergarten Wuppertal"},"image":{"@id":"https:\/\/kulturkindergarten-wuppertal.de\/#\/schema\/logo\/image\/"},"sameAs":["https:\/\/www.facebook.com\/pages\/Kulturkindergarten-Wuppertal-gGmbH\/302085576968569"]}]}},"_links":{"self":[{"href":"https:\/\/kulturkindergarten-wuppertal.de\/index.php\/wp-json\/wp\/v2\/pages\/503","targetHints":{"allow":["GET"]}}],"collection":[{"href":"https:\/\/kulturkindergarten-wuppertal.de\/index.php\/wp-json\/wp\/v2\/pages"}],"about":[{"href":"https:\/\/kulturkindergarten-wuppertal.de\/index.php\/wp-json\/wp\/v2\/types\/page"}],"author":[{"embeddable":true,"href":"https:\/\/kulturkindergarten-wuppertal.de\/index.php\/wp-json\/wp\/v2\/users\/1"}],"replies":[{"embeddable":true,"href":"https:\/\/kulturkindergarten-wuppertal.de\/index.php\/wp-json\/wp\/v2\/comments?post=503"}],"version-history":[{"count":10,"href":"https:\/\/kulturkindergarten-wuppertal.de\/index.php\/wp-json\/wp\/v2\/pages\/503\/revisions"}],"predecessor-version":[{"id":1116,"href":"https:\/\/kulturkindergarten-wuppertal.de\/index.php\/wp-json\/wp\/v2\/pages\/503\/revisions\/1116"}],"wp:attachment":[{"href":"https:\/\/kulturkindergarten-wuppertal.de\/index.php\/wp-json\/wp\/v2\/media?parent=503"}],"curies":[{"name":"wp","href":"https:\/\/api.w.org\/{rel}","templated":true}]}}