{"id":855,"date":"2026-01-27T13:00:39","date_gmt":"2026-01-27T12:00:39","guid":{"rendered":"https:\/\/kulturkindergarten-wuppertal.de\/wordpress\/?page_id=855"},"modified":"2026-03-03T13:36:12","modified_gmt":"2026-03-03T12:36:12","slug":"datenschutz","status":"publish","type":"page","link":"https:\/\/kulturkindergarten-wuppertal.de\/index.php\/datenschutz\/","title":{"rendered":"Datenschutz"},"content":{"rendered":"\t\t<div data-elementor-type=\"wp-page\" data-elementor-id=\"855\" class=\"elementor elementor-855\" data-elementor-post-type=\"page\">\n\t\t\t\t<div class=\"elementor-element elementor-element-b585300 e-flex e-con-boxed e-con e-parent\" data-id=\"b585300\" data-element_type=\"container\" data-e-type=\"container\" data-settings=\"{&quot;background_background&quot;:&quot;classic&quot;}\">\n\t\t\t\t\t<div class=\"e-con-inner\">\n\t\t<div class=\"elementor-element elementor-element-e104326 e-con-full e-flex e-con e-child\" data-id=\"e104326\" data-element_type=\"container\" data-e-type=\"container\">\n\t\t\t\t<div class=\"elementor-element elementor-element-7d5239d elementor-widget elementor-widget-heading\" data-id=\"7d5239d\" data-element_type=\"widget\" data-e-type=\"widget\" data-widget_type=\"heading.default\">\n\t\t\t\t\t<h1 class=\"elementor-heading-title elementor-size-default\">Datenschutzerkl\u00e4rung<\/h1>\t\t\t\t<\/div>\n\t\t\t\t<div class=\"elementor-element elementor-element-e7db3e0 elementor-widget elementor-widget-text-editor\" data-id=\"e7db3e0\" data-element_type=\"widget\" data-e-type=\"widget\" data-widget_type=\"text-editor.default\">\n\t\t\t\t\t\t\t\t\t<p>Verantwortlicher im Sinne der Datenschutzgesetze, insbesondere der EU-Datenschutzgrundverordnung (DSGVO), ist:<\/p><p>Familienzentrum KulturKinderGarten Wuppertal gGmbH<\/p><p>Gesch\u00e4ftsf\u00fchrer: Christoph Nieder, Jana-Sophia Ihle<\/p><p>Milchstra\u00dfe 5<\/p><p>42117 Wuppertal<\/p><p>Telefon 0160 6603 563<\/p>\t\t\t\t\t\t\t\t<\/div>\n\t\t\t\t<\/div>\n\t\t<div class=\"elementor-element elementor-element-6d67467 e-con-full e-flex e-con e-child\" data-id=\"6d67467\" data-element_type=\"container\" data-e-type=\"container\">\n\t\t\t\t<div class=\"elementor-element elementor-element-6f1c470 elementor-widget elementor-widget-heading\" data-id=\"6f1c470\" data-element_type=\"widget\" data-e-type=\"widget\" data-widget_type=\"heading.default\">\n\t\t\t\t\t<h2 class=\"elementor-heading-title elementor-size-default\">Ihre Betroffenenrechte<\/h2>\t\t\t\t<\/div>\n\t\t\t\t<div class=\"elementor-element elementor-element-0edd2c1 elementor-widget elementor-widget-text-editor\" data-id=\"0edd2c1\" data-element_type=\"widget\" data-e-type=\"widget\" data-widget_type=\"text-editor.default\">\n\t\t\t\t\t\t\t\t\t<p>Unter den angegebenen Kontaktdaten unseres Datenschutzbeauftragten k\u00f6nnen Sie jederzeit folgende Rechte aus\u00fcben:<\/p><p>Auskunft \u00fcber Ihre bei uns gespeicherten Daten und deren Verarbeitung (Art. 15 DSGVO),<\/p><p>Berichtigung unrichtiger personenbezogener Daten (Art. 16 DSGVO),<\/p><p>L\u00f6schung Ihrer bei uns gespeicherten Daten (Art. 17 DSGVO),<\/p><p>Einschr\u00e4nkung der Datenverarbeitung, sofern wir Ihre Daten aufgrund gesetzlicher Pflichten noch nicht l\u00f6schen d\u00fcrfen (Art. 18 DSGVO), Widerspruch gegen die Verarbeitung Ihrer Daten bei uns (Art. 21 DSGVO) und Daten\u00fcbertragbarkeit, sofern Sie in die Datenverarbeitung eingewilligt haben oder einen Vertrag mit uns abgeschlossen haben (Art. 20 DSGVO). Sofern Sie uns eine Einwilligung erteilt haben, k\u00f6nnen Sie diese jederzeit mit Wirkung f\u00fcr die Zukunft widerrufen.<\/p><p>Sie k\u00f6nnen sich jederzeit mit einer Beschwerde an eine Aufsichtsbeh\u00f6rde wenden, z. B. an die zust\u00e4ndige Aufsichtsbeh\u00f6rde des Bundeslands Ihres Wohnsitzes oder an die f\u00fcr uns als verantwortliche Stelle zust\u00e4ndige Beh\u00f6rde. Eine Liste der Aufsichtsbeh\u00f6rden (f\u00fcr den nicht\u00f6ffentlichen Bereich) mit Anschrift finden Sie unter: https:\/\/www.bfdi.bund.de\/DE\/Service\/Anschriften\/Laender\/Laender-node.html.<\/p>\t\t\t\t\t\t\t\t<\/div>\n\t\t\t\t<\/div>\n\t\t<div class=\"elementor-element elementor-element-71f39ec e-con-full e-flex e-con e-child\" data-id=\"71f39ec\" data-element_type=\"container\" data-e-type=\"container\">\n\t\t\t\t<div class=\"elementor-element elementor-element-ddf578c elementor-widget elementor-widget-heading\" data-id=\"ddf578c\" data-element_type=\"widget\" data-e-type=\"widget\" data-widget_type=\"heading.default\">\n\t\t\t\t\t<h2 class=\"elementor-heading-title elementor-size-default\">Verwendung von Scriptbibliotheken (Google Webfonts)<\/h2>\t\t\t\t<\/div>\n\t\t\t\t<div class=\"elementor-element elementor-element-5b95cbe elementor-widget elementor-widget-text-editor\" data-id=\"5b95cbe\" data-element_type=\"widget\" data-e-type=\"widget\" data-widget_type=\"text-editor.default\">\n\t\t\t\t\t\t\t\t\t<p>Um unsere Inhalte browser\u00fcbergreifend korrekt und grafisch ansprechend darzustellen, verwenden wir auf dieser Website \u201eGoogle Web Fonts\u201c der Google LLC (1600 Amphitheatre Parkway, Mountain View, CA 94043, USA; nachfolgend \u201eGoogle\u201c) zur Darstellung von Schriften.<\/p><p>Weitere Informationen zu Google Web Fonts finden Sie unter https:\/\/developers.google.com\/fonts\/faq.<\/p>\t\t\t\t\t\t\t\t<\/div>\n\t\t\t\t<\/div>\n\t\t<div class=\"elementor-element elementor-element-b254a93 e-con-full e-flex e-con e-child\" data-id=\"b254a93\" data-element_type=\"container\" data-e-type=\"container\">\n\t\t\t\t<div class=\"elementor-element elementor-element-4914b71 elementor-widget elementor-widget-heading\" data-id=\"4914b71\" data-element_type=\"widget\" data-e-type=\"widget\" data-widget_type=\"heading.default\">\n\t\t\t\t\t<h2 class=\"elementor-heading-title elementor-size-default\">Widerruf der Einwilligung:<\/h2>\t\t\t\t<\/div>\n\t\t\t\t<div class=\"elementor-element elementor-element-b985988 elementor-widget elementor-widget-text-editor\" data-id=\"b985988\" data-element_type=\"widget\" data-e-type=\"widget\" data-widget_type=\"text-editor.default\">\n\t\t\t\t\t\t\t\t\t<p>Vom Anbieter wird derzeit keine M\u00f6glichkeit f\u00fcr einen einfachen Opt-out oder ein Blockieren der Daten\u00fcbertragung angeboten. Wenn Sie eine Nachverfolgung Ihrer Aktivit\u00e4ten auf unserer Website verhindern wollen, widerrufen Sie bitte im Cookie-Consent-Tool Ihre Einwilligung f\u00fcr die entsprechende Cookie-Kategorie oder alle technisch nicht notwendigen Cookies und Daten\u00fcbertragungen. In diesem Fall k\u00f6nnen Sie unsere Website jedoch ggfs. nicht oder nur eingeschr\u00e4nkt nutzen.<\/p>\t\t\t\t\t\t\t\t<\/div>\n\t\t\t\t<\/div>\n\t\t<div class=\"elementor-element elementor-element-c920934 e-con-full e-flex e-con e-child\" data-id=\"c920934\" data-element_type=\"container\" data-e-type=\"container\">\n\t\t\t\t<div class=\"elementor-element elementor-element-107f161 elementor-widget elementor-widget-heading\" data-id=\"107f161\" data-element_type=\"widget\" data-e-type=\"widget\" data-widget_type=\"heading.default\">\n\t\t\t\t\t<h2 class=\"elementor-heading-title elementor-size-default\">SSL-Verschl\u00fcsselung<\/h2>\t\t\t\t<\/div>\n\t\t\t\t<div class=\"elementor-element elementor-element-22bf03f elementor-widget elementor-widget-text-editor\" data-id=\"22bf03f\" data-element_type=\"widget\" data-e-type=\"widget\" data-widget_type=\"text-editor.default\">\n\t\t\t\t\t\t\t\t\t<p>Um die Sicherheit Ihrer Daten bei der \u00dcbertragung zu sch\u00fctzen, verwenden wir dem aktuellen Stand der Technik entsprechende Verschl\u00fcsselungsverfahren (z. B. SSL) \u00fcber HTTPS.<\/p><p>Information \u00fcber Ihr Widerspruchsrecht nach Art. 21 DSGVO<\/p><p>Einzelfallbezogenes Widerspruchsrecht<\/p><p>Sie haben das Recht, aus Gr\u00fcnden, die sich aus Ihrer besonderen Situation ergeben, jederzeit gegen die Verarbeitung Sie betreffender personenbezogener Daten, die aufgrund Art. 6 Abs. 1 lit. f DSGVO (Datenverarbeitung auf der Grundlage einer Interessenabw\u00e4gung) erfolgt, Widerspruch einzulegen; dies gilt auch f\u00fcr ein auf diese Bestimmung gest\u00fctztes Profiling im Sinne von Art. 4 Nr. 4 DSGVO.<\/p><p>Legen Sie Widerspruch ein, werden wir Ihre personenbezogenen Daten nicht mehr verarbeiten, es sei denn, wir k\u00f6nnen zwingende schutzw\u00fcrdige Gr\u00fcnde f\u00fcr die Verarbeitung nachweisen, die Ihre Interessen, Rechte und Freiheiten \u00fcberwiegen, oder die Verarbeitung dient der Geltendmachung, Aus\u00fcbung oder Verteidigung von Rechtsanspr\u00fcchen.<\/p>\t\t\t\t\t\t\t\t<\/div>\n\t\t\t\t<\/div>\n\t\t<div class=\"elementor-element elementor-element-dc209fa e-con-full e-flex e-con e-child\" data-id=\"dc209fa\" data-element_type=\"container\" data-e-type=\"container\">\n\t\t\t\t<div class=\"elementor-element elementor-element-62b3e32 elementor-widget elementor-widget-heading\" data-id=\"62b3e32\" data-element_type=\"widget\" data-e-type=\"widget\" data-widget_type=\"heading.default\">\n\t\t\t\t\t<h2 class=\"elementor-heading-title elementor-size-default\">\u00c4nderung unserer Datenschutzbestimmungen<\/h2>\t\t\t\t<\/div>\n\t\t\t\t<div class=\"elementor-element elementor-element-9261745 elementor-widget elementor-widget-text-editor\" data-id=\"9261745\" data-element_type=\"widget\" data-e-type=\"widget\" data-widget_type=\"text-editor.default\">\n\t\t\t\t\t\t\t\t\t<p>Wir behalten uns vor, diese Datenschutzerkl\u00e4rung anzupassen, damit sie stets den aktuellen rechtlichen Anforderungen entspricht oder um \u00c4nderungen unserer Leistungen in der Datenschutzerkl\u00e4rung umzusetzen, z.B. bei der Einf\u00fchrung neuer Services. F\u00fcr Ihren erneuten Besuch gilt dann die neue Datenschutzerkl\u00e4rung.<\/p>\t\t\t\t\t\t\t\t<\/div>\n\t\t\t\t<\/div>\n\t\t<div class=\"elementor-element elementor-element-e0d925e e-con-full e-flex e-con e-child\" data-id=\"e0d925e\" data-element_type=\"container\" data-e-type=\"container\">\n\t\t\t\t<div class=\"elementor-element elementor-element-245b088 elementor-widget elementor-widget-heading\" data-id=\"245b088\" data-element_type=\"widget\" data-e-type=\"widget\" data-widget_type=\"heading.default\">\n\t\t\t\t\t<h2 class=\"elementor-heading-title elementor-size-default\">Fragen an den Datenschutzbeauftragten<\/h2>\t\t\t\t<\/div>\n\t\t\t\t<div class=\"elementor-element elementor-element-9d9de2b elementor-widget elementor-widget-text-editor\" data-id=\"9d9de2b\" data-element_type=\"widget\" data-e-type=\"widget\" data-widget_type=\"text-editor.default\">\n\t\t\t\t\t\t\t\t\t<p>Wenn Sie Fragen zum Datenschutz haben, schreiben Sie uns bitte eine E-Mail oder wenden Sie sich direkt an die f\u00fcr den Datenschutz verantwortliche Person in unserer Organisation:<\/p><p>Dr. Heiko Haaz<\/p><p>UIMC DR. VOSSBEIN GmbH &amp; Co KG<\/p><p>Unternehmens- und Informations-Management Consultants<\/p><p>Otto-Hausmann-Ring 113, 42115 Wuppertal<\/p><p>Tel.: +49-202-946 7726 200<\/p><p>Fax: +49-202-946 7726 9200<\/p><p>E-Mail: consultants@uimc.de<\/p><p>Internet: www.uimc.de Amtsgericht Wuppertal HRA 16883<\/p><p>(Komplement\u00e4rin: UIMC DR. VOSSBEIN BETRIEBS-GMBH, Wuppertal<\/p><p>Gesch\u00e4ftsf\u00fchrer: Dr. J\u00f6rn Vo\u00dfbein; Amtsgericht Wuppertal HRB 9070)<\/p><p>Jede betroffene Person kann sich jederzeit bei allen Fragen und Anregungen zum Datenschutz direkt an unsere Datenschutzbeauftragte wenden.<\/p><p>\u00a0<\/p><p>Die Datenschutzerkl\u00e4rung wurde mithilfe der activeMind AG erstellt, den Experten f\u00fcr externe Datenschutzbeauftragte (Version #2020-09-30).<\/p>\t\t\t\t\t\t\t\t<\/div>\n\t\t\t\t<\/div>\n\t\t<div class=\"elementor-element elementor-element-ade2803 e-con-full e-flex e-con e-child\" data-id=\"ade2803\" data-element_type=\"container\" data-e-type=\"container\">\n\t\t\t\t<div class=\"elementor-element elementor-element-09c91d1 elementor-widget elementor-widget-heading\" data-id=\"09c91d1\" data-element_type=\"widget\" data-e-type=\"widget\" data-widget_type=\"heading.default\">\n\t\t\t\t\t<h2 class=\"elementor-heading-title elementor-size-default\">Spamschutz mit Google reCAPTCHA<\/h2>\t\t\t\t<\/div>\n\t\t\t\t<div class=\"elementor-element elementor-element-d5e544e elementor-widget elementor-widget-text-editor\" data-id=\"d5e544e\" data-element_type=\"widget\" data-e-type=\"widget\" data-widget_type=\"text-editor.default\">\n\t\t\t\t\t\t\t\t\t<p>Wir haben Google reCAPTCHA in Formularen auf unserer Webseite implementiert, um zu \u00fcberpr\u00fcfen, ob die in den Formularen eingegebenen Daten von menschlichen Besuchern stammen oder von Maschinen oder automatisierten Programmen, die auch als &#8222;Bots&#8220; bekannt sind. Dieses Tool analysiert automatisch das Verhalten der Webseitenbesucher, sobald sie mit der Webseite interagieren, unter Verwendung verschiedener Informationen wie IP-Adresse, Aufenthaltsdauer und Mausbewegungen. Die verarbeiteten Daten umfassen Nutzungsdaten wie die aufgerufene Webseite, Datum und Uhrzeit des Zugriffs und Mausbewegungen sowie Kommunikationsdaten wie IP-Adressen, Browsertyp und Betriebssystem. Diese Verarbeitung richtet sich an Webseitenbesucher und Nutzer von Online-Diensten. Der Hauptzweck dieser Verarbeitung besteht darin, den Missbrauch unseres Kontaktformulars zu verhindern und dadurch die Sicherheit zu erh\u00f6hen. Die rechtliche Grundlage daf\u00fcr ist unser berechtigtes Interesse gem\u00e4\u00df Art. 6 Abs. 1 S. 1 lit. f. DSGVO. Die Datenempf\u00e4nger sind Google Ireland Ltd, ans\u00e4ssig in Google Building Gordon House, Barrow St, Dublin 4, Irland, (https:\/\/policies.google.com\/privacy) und unser Webseiten-Hosting-Anbieter. W\u00e4hrend Ihre pers\u00f6nlichen Daten innerhalb der EU verarbeitet werden, wird die Aufbewahrungsfrist f\u00fcr die verarbeiteten Daten von Google Ireland Limited bestimmt. Weitere Informationen finden Sie in der Datenschutzerkl\u00e4rung von Google reCAPTCHA:\u00a0<a href=\"https:\/\/policies.google.com\/privacy\">https:\/\/policies.google.com\/privacy<\/a><\/p>\t\t\t\t\t\t\t\t<\/div>\n\t\t\t\t<\/div>\n\t\t\t\t\t<\/div>\n\t\t\t\t<\/div>\n\t\t\t\t<\/div>\n\t\t","protected":false},"excerpt":{"rendered":"<p>Datenschutzerkl\u00e4rung Verantwortlicher im Sinne der Datenschutzgesetze, insbesondere der EU-Datenschutzgrundverordnung (DSGVO), ist: Familienzentrum KulturKinderGarten Wuppertal gGmbH Gesch\u00e4ftsf\u00fchrer: Christoph Nieder, Jana-Sophia Ihle Milchstra\u00dfe 5 42117 Wuppertal Telefon 0160 6603 563 Ihre Betroffenenrechte Unter den angegebenen Kontaktdaten unseres Datenschutzbeauftragten k\u00f6nnen Sie jederzeit folgende Rechte aus\u00fcben: Auskunft \u00fcber Ihre bei uns gespeicherten Daten und deren Verarbeitung (Art. 15 DSGVO), [&hellip;]<\/p>\n","protected":false},"author":1,"featured_media":0,"parent":0,"menu_order":0,"comment_status":"closed","ping_status":"closed","template":"","meta":{"footnotes":""},"class_list":["post-855","page","type-page","status-publish","hentry"],"yoast_head":"<!-- This site is optimized with the Yoast SEO plugin v27.3 - https:\/\/yoast.com\/product\/yoast-seo-wordpress\/ -->\n<title>Datenschutz - Kulturkindergarten Wuppertal<\/title>\n<meta name=\"robots\" content=\"index, follow, max-snippet:-1, max-image-preview:large, max-video-preview:-1\" \/>\n<link rel=\"canonical\" href=\"https:\/\/kulturkindergarten-wuppertal.de\/index.php\/datenschutz\/\" \/>\n<meta property=\"og:locale\" content=\"de_DE\" \/>\n<meta property=\"og:type\" content=\"article\" \/>\n<meta property=\"og:title\" content=\"Datenschutz - Kulturkindergarten Wuppertal\" \/>\n<meta property=\"og:description\" content=\"Datenschutzerkl\u00e4rung Verantwortlicher im Sinne der Datenschutzgesetze, insbesondere der EU-Datenschutzgrundverordnung (DSGVO), ist: Familienzentrum KulturKinderGarten Wuppertal gGmbH Gesch\u00e4ftsf\u00fchrer: Christoph Nieder, Jana-Sophia Ihle Milchstra\u00dfe 5 42117 Wuppertal Telefon 0160 6603 563 Ihre Betroffenenrechte Unter den angegebenen Kontaktdaten unseres Datenschutzbeauftragten k\u00f6nnen Sie jederzeit folgende Rechte aus\u00fcben: Auskunft \u00fcber Ihre bei uns gespeicherten Daten und deren Verarbeitung (Art. 15 DSGVO), [&hellip;]\" \/>\n<meta property=\"og:url\" content=\"https:\/\/kulturkindergarten-wuppertal.de\/index.php\/datenschutz\/\" \/>\n<meta property=\"og:site_name\" content=\"Kulturkindergarten Wuppertal\" \/>\n<meta property=\"article:publisher\" content=\"https:\/\/www.facebook.com\/pages\/Kulturkindergarten-Wuppertal-gGmbH\/302085576968569\" \/>\n<meta property=\"article:modified_time\" content=\"2026-03-03T12:36:12+00:00\" \/>\n<meta name=\"twitter:card\" content=\"summary_large_image\" \/>\n<meta name=\"twitter:label1\" content=\"Gesch\u00e4tzte Lesezeit\" \/>\n\t<meta name=\"twitter:data1\" content=\"5\u00a0Minuten\" \/>\n<script type=\"application\/ld+json\" class=\"yoast-schema-graph\">{\"@context\":\"https:\\\/\\\/schema.org\",\"@graph\":[{\"@type\":\"WebPage\",\"@id\":\"https:\\\/\\\/kulturkindergarten-wuppertal.de\\\/index.php\\\/datenschutz\\\/\",\"url\":\"https:\\\/\\\/kulturkindergarten-wuppertal.de\\\/index.php\\\/datenschutz\\\/\",\"name\":\"Datenschutz - Kulturkindergarten Wuppertal\",\"isPartOf\":{\"@id\":\"https:\\\/\\\/kulturkindergarten-wuppertal.de\\\/#website\"},\"datePublished\":\"2026-01-27T12:00:39+00:00\",\"dateModified\":\"2026-03-03T12:36:12+00:00\",\"breadcrumb\":{\"@id\":\"https:\\\/\\\/kulturkindergarten-wuppertal.de\\\/index.php\\\/datenschutz\\\/#breadcrumb\"},\"inLanguage\":\"de\",\"potentialAction\":[{\"@type\":\"ReadAction\",\"target\":[\"https:\\\/\\\/kulturkindergarten-wuppertal.de\\\/index.php\\\/datenschutz\\\/\"]}]},{\"@type\":\"BreadcrumbList\",\"@id\":\"https:\\\/\\\/kulturkindergarten-wuppertal.de\\\/index.php\\\/datenschutz\\\/#breadcrumb\",\"itemListElement\":[{\"@type\":\"ListItem\",\"position\":1,\"name\":\"Start\",\"item\":\"https:\\\/\\\/kulturkindergarten-wuppertal.de\\\/\"},{\"@type\":\"ListItem\",\"position\":2,\"name\":\"Datenschutz\"}]},{\"@type\":\"WebSite\",\"@id\":\"https:\\\/\\\/kulturkindergarten-wuppertal.de\\\/#website\",\"url\":\"https:\\\/\\\/kulturkindergarten-wuppertal.de\\\/\",\"name\":\"Kulturkindergarten Wuppertal\",\"description\":\"Offizielle Webseite des Kulturkindergarten Wuppertal\",\"publisher\":{\"@id\":\"https:\\\/\\\/kulturkindergarten-wuppertal.de\\\/#organization\"},\"potentialAction\":[{\"@type\":\"SearchAction\",\"target\":{\"@type\":\"EntryPoint\",\"urlTemplate\":\"https:\\\/\\\/kulturkindergarten-wuppertal.de\\\/?s={search_term_string}\"},\"query-input\":{\"@type\":\"PropertyValueSpecification\",\"valueRequired\":true,\"valueName\":\"search_term_string\"}}],\"inLanguage\":\"de\"},{\"@type\":\"Organization\",\"@id\":\"https:\\\/\\\/kulturkindergarten-wuppertal.de\\\/#organization\",\"name\":\"Kulturkindergarten Wuppertal\",\"url\":\"https:\\\/\\\/kulturkindergarten-wuppertal.de\\\/\",\"logo\":{\"@type\":\"ImageObject\",\"inLanguage\":\"de\",\"@id\":\"https:\\\/\\\/kulturkindergarten-wuppertal.de\\\/#\\\/schema\\\/logo\\\/image\\\/\",\"url\":\"https:\\\/\\\/kulturkindergarten-wuppertal.de\\\/wp-content\\\/uploads\\\/2026\\\/01\\\/image-12.png\",\"contentUrl\":\"https:\\\/\\\/kulturkindergarten-wuppertal.de\\\/wp-content\\\/uploads\\\/2026\\\/01\\\/image-12.png\",\"width\":1870,\"height\":1181,\"caption\":\"Kulturkindergarten Wuppertal\"},\"image\":{\"@id\":\"https:\\\/\\\/kulturkindergarten-wuppertal.de\\\/#\\\/schema\\\/logo\\\/image\\\/\"},\"sameAs\":[\"https:\\\/\\\/www.facebook.com\\\/pages\\\/Kulturkindergarten-Wuppertal-gGmbH\\\/302085576968569\"]}]}<\/script>\n<!-- \/ Yoast SEO plugin. -->","yoast_head_json":{"title":"Datenschutz - Kulturkindergarten Wuppertal","robots":{"index":"index","follow":"follow","max-snippet":"max-snippet:-1","max-image-preview":"max-image-preview:large","max-video-preview":"max-video-preview:-1"},"canonical":"https:\/\/kulturkindergarten-wuppertal.de\/index.php\/datenschutz\/","og_locale":"de_DE","og_type":"article","og_title":"Datenschutz - Kulturkindergarten Wuppertal","og_description":"Datenschutzerkl\u00e4rung Verantwortlicher im Sinne der Datenschutzgesetze, insbesondere der EU-Datenschutzgrundverordnung (DSGVO), ist: Familienzentrum KulturKinderGarten Wuppertal gGmbH Gesch\u00e4ftsf\u00fchrer: Christoph Nieder, Jana-Sophia Ihle Milchstra\u00dfe 5 42117 Wuppertal Telefon 0160 6603 563 Ihre Betroffenenrechte Unter den angegebenen Kontaktdaten unseres Datenschutzbeauftragten k\u00f6nnen Sie jederzeit folgende Rechte aus\u00fcben: Auskunft \u00fcber Ihre bei uns gespeicherten Daten und deren Verarbeitung (Art. 15 DSGVO), [&hellip;]","og_url":"https:\/\/kulturkindergarten-wuppertal.de\/index.php\/datenschutz\/","og_site_name":"Kulturkindergarten Wuppertal","article_publisher":"https:\/\/www.facebook.com\/pages\/Kulturkindergarten-Wuppertal-gGmbH\/302085576968569","article_modified_time":"2026-03-03T12:36:12+00:00","twitter_card":"summary_large_image","twitter_misc":{"Gesch\u00e4tzte Lesezeit":"5\u00a0Minuten"},"schema":{"@context":"https:\/\/schema.org","@graph":[{"@type":"WebPage","@id":"https:\/\/kulturkindergarten-wuppertal.de\/index.php\/datenschutz\/","url":"https:\/\/kulturkindergarten-wuppertal.de\/index.php\/datenschutz\/","name":"Datenschutz - Kulturkindergarten Wuppertal","isPartOf":{"@id":"https:\/\/kulturkindergarten-wuppertal.de\/#website"},"datePublished":"2026-01-27T12:00:39+00:00","dateModified":"2026-03-03T12:36:12+00:00","breadcrumb":{"@id":"https:\/\/kulturkindergarten-wuppertal.de\/index.php\/datenschutz\/#breadcrumb"},"inLanguage":"de","potentialAction":[{"@type":"ReadAction","target":["https:\/\/kulturkindergarten-wuppertal.de\/index.php\/datenschutz\/"]}]},{"@type":"BreadcrumbList","@id":"https:\/\/kulturkindergarten-wuppertal.de\/index.php\/datenschutz\/#breadcrumb","itemListElement":[{"@type":"ListItem","position":1,"name":"Start","item":"https:\/\/kulturkindergarten-wuppertal.de\/"},{"@type":"ListItem","position":2,"name":"Datenschutz"}]},{"@type":"WebSite","@id":"https:\/\/kulturkindergarten-wuppertal.de\/#website","url":"https:\/\/kulturkindergarten-wuppertal.de\/","name":"Kulturkindergarten Wuppertal","description":"Offizielle Webseite des Kulturkindergarten Wuppertal","publisher":{"@id":"https:\/\/kulturkindergarten-wuppertal.de\/#organization"},"potentialAction":[{"@type":"SearchAction","target":{"@type":"EntryPoint","urlTemplate":"https:\/\/kulturkindergarten-wuppertal.de\/?s={search_term_string}"},"query-input":{"@type":"PropertyValueSpecification","valueRequired":true,"valueName":"search_term_string"}}],"inLanguage":"de"},{"@type":"Organization","@id":"https:\/\/kulturkindergarten-wuppertal.de\/#organization","name":"Kulturkindergarten Wuppertal","url":"https:\/\/kulturkindergarten-wuppertal.de\/","logo":{"@type":"ImageObject","inLanguage":"de","@id":"https:\/\/kulturkindergarten-wuppertal.de\/#\/schema\/logo\/image\/","url":"https:\/\/kulturkindergarten-wuppertal.de\/wp-content\/uploads\/2026\/01\/image-12.png","contentUrl":"https:\/\/kulturkindergarten-wuppertal.de\/wp-content\/uploads\/2026\/01\/image-12.png","width":1870,"height":1181,"caption":"Kulturkindergarten Wuppertal"},"image":{"@id":"https:\/\/kulturkindergarten-wuppertal.de\/#\/schema\/logo\/image\/"},"sameAs":["https:\/\/www.facebook.com\/pages\/Kulturkindergarten-Wuppertal-gGmbH\/302085576968569"]}]}},"_links":{"self":[{"href":"https:\/\/kulturkindergarten-wuppertal.de\/index.php\/wp-json\/wp\/v2\/pages\/855","targetHints":{"allow":["GET"]}}],"collection":[{"href":"https:\/\/kulturkindergarten-wuppertal.de\/index.php\/wp-json\/wp\/v2\/pages"}],"about":[{"href":"https:\/\/kulturkindergarten-wuppertal.de\/index.php\/wp-json\/wp\/v2\/types\/page"}],"author":[{"embeddable":true,"href":"https:\/\/kulturkindergarten-wuppertal.de\/index.php\/wp-json\/wp\/v2\/users\/1"}],"replies":[{"embeddable":true,"href":"https:\/\/kulturkindergarten-wuppertal.de\/index.php\/wp-json\/wp\/v2\/comments?post=855"}],"version-history":[{"count":10,"href":"https:\/\/kulturkindergarten-wuppertal.de\/index.php\/wp-json\/wp\/v2\/pages\/855\/revisions"}],"predecessor-version":[{"id":1110,"href":"https:\/\/kulturkindergarten-wuppertal.de\/index.php\/wp-json\/wp\/v2\/pages\/855\/revisions\/1110"}],"wp:attachment":[{"href":"https:\/\/kulturkindergarten-wuppertal.de\/index.php\/wp-json\/wp\/v2\/media?parent=855"}],"curies":[{"name":"wp","href":"https:\/\/api.w.org\/{rel}","templated":true}]}}